{"id":548,"date":"2018-12-27T03:28:46","date_gmt":"2018-12-27T03:28:46","guid":{"rendered":"https:\/\/www.ceaphotography.com\/espanol\/?post_type=product&#038;p=548"},"modified":"2025-04-12T08:48:21","modified_gmt":"2025-04-12T15:48:21","slug":"volcan-de-ipala-en-cuadro","status":"publish","type":"product","link":"https:\/\/www.ceaphotography.com\/espanol\/product\/volcan-de-ipala-en-cuadro\/","title":{"rendered":"Volc\u00e1n de Ipala en Cuadro"},"content":{"rendered":"\n<div class=\"wpcf7 no-js\" id=\"wpcf7-f495-o1\" lang=\"en-US\" dir=\"ltr\" data-wpcf7-id=\"495\">\n<div class=\"screen-reader-response\"><p role=\"status\" aria-live=\"polite\" aria-atomic=\"true\"><\/p> <ul><\/ul><\/div>\n<form action=\"\/espanol\/wp-json\/wp\/v2\/product\/548#wpcf7-f495-o1\" method=\"post\" class=\"wpcf7-form init\" aria-label=\"Contact form\" novalidate=\"novalidate\" data-status=\"init\">\n<fieldset class=\"hidden-fields-container\"><input type=\"hidden\" name=\"_wpcf7\" value=\"495\" \/><input type=\"hidden\" name=\"_wpcf7_version\" value=\"6.1.5\" \/><input type=\"hidden\" name=\"_wpcf7_locale\" value=\"en_US\" \/><input type=\"hidden\" name=\"_wpcf7_unit_tag\" value=\"wpcf7-f495-o1\" \/><input type=\"hidden\" name=\"_wpcf7_container_post\" value=\"0\" \/><input type=\"hidden\" name=\"_wpcf7_posted_data_hash\" value=\"\" \/><input type=\"hidden\" name=\"_wpcf7_recaptcha_response\" value=\"\" \/>\n<\/fieldset>\n<p><label><br \/>\nINFORMACI\u00d3N DE LAS FOTOS EN MARCO:<br \/>\nTodas las fotos est\u00e1n impresas en materiales de alta calidad e incluyen el marco y tiras adhesivas sujeta-cuadros <a href=\"https:\/\/www.command.com.mx\/3M\/es_MX\/command-la\/ganchos-y-tiras\/\" target=\"_blank\">(intrucciones)<\/a>.<br \/>\nEnv\u00edo y manejo. \u00a1Solo enviamos en los Estados Unidos y es Gratis!<br \/>\nPor favor, espere de 2 a 4 semanas para recibir su foto o fotos.<br \/>\n<\/label>\n<\/p><div class=\"wpcf7-response-output\" aria-hidden=\"true\"><\/div>\n<\/form>\n<\/div>\n\n","protected":false},"excerpt":{"rendered":"<p>Volc\u00e1n de Ipala es un estratovolc\u00e1n en el sureste de Guatemala. Tiene un cr\u00e1ter cumbre de 1.000 metros (3.300 pies) de ancho que contiene un lago de cr\u00e1ter (Lago Ipala), cuya superficie se encuentra a unos 150 m (500 pies) por debajo del borde del cr\u00e1ter. Volc\u00e1n de Ipala es parte de un grupo de peque\u00f1os estratovolcanes y campos de cono de ceniza en el sureste de Guatemala.<\/p>\n","protected":false},"featured_media":4058,"comment_status":"open","ping_status":"closed","template":"","meta":[],"product_brand":[],"product_cat":[27,33],"product_tag":[],"class_list":{"0":"post-548","1":"product","2":"type-product","3":"status-publish","4":"has-post-thumbnail","6":"product_cat-fotos-en-marco","7":"product_cat-naturaleza-en-marco","9":"first","10":"instock","11":"taxable","12":"shipping-taxable","13":"purchasable","14":"product-type-simple"},"aioseo_notices":[],"jetpack_sharing_enabled":true,"_links":{"self":[{"href":"https:\/\/www.ceaphotography.com\/espanol\/wp-json\/wp\/v2\/product\/548","targetHints":{"allow":["GET"]}}],"collection":[{"href":"https:\/\/www.ceaphotography.com\/espanol\/wp-json\/wp\/v2\/product"}],"about":[{"href":"https:\/\/www.ceaphotography.com\/espanol\/wp-json\/wp\/v2\/types\/product"}],"replies":[{"embeddable":true,"href":"https:\/\/www.ceaphotography.com\/espanol\/wp-json\/wp\/v2\/comments?post=548"}],"wp:featuredmedia":[{"embeddable":true,"href":"https:\/\/www.ceaphotography.com\/espanol\/wp-json\/wp\/v2\/media\/4058"}],"wp:attachment":[{"href":"https:\/\/www.ceaphotography.com\/espanol\/wp-json\/wp\/v2\/media?parent=548"}],"wp:term":[{"taxonomy":"product_brand","embeddable":true,"href":"https:\/\/www.ceaphotography.com\/espanol\/wp-json\/wp\/v2\/product_brand?post=548"},{"taxonomy":"product_cat","embeddable":true,"href":"https:\/\/www.ceaphotography.com\/espanol\/wp-json\/wp\/v2\/product_cat?post=548"},{"taxonomy":"product_tag","embeddable":true,"href":"https:\/\/www.ceaphotography.com\/espanol\/wp-json\/wp\/v2\/product_tag?post=548"}],"curies":[{"name":"wp","href":"https:\/\/api.w.org\/{rel}","templated":true}]}}