{"id":544,"date":"2018-12-27T03:25:43","date_gmt":"2018-12-27T03:25:43","guid":{"rendered":"https:\/\/www.ceaphotography.com\/espanol\/?post_type=product&#038;p=544"},"modified":"2021-01-11T18:03:30","modified_gmt":"2021-01-12T02:03:30","slug":"volcan-de-fuego-en-cuadro","status":"publish","type":"product","link":"https:\/\/www.ceaphotography.com\/espanol\/product\/volcan-de-fuego-en-cuadro\/","title":{"rendered":"Volcan de Fuego en Cuadro"},"content":{"rendered":"\n<div class=\"wpcf7 no-js\" id=\"wpcf7-f495-o1\" lang=\"en-US\" dir=\"ltr\" data-wpcf7-id=\"495\">\n<div class=\"screen-reader-response\"><p role=\"status\" aria-live=\"polite\" aria-atomic=\"true\"><\/p> <ul><\/ul><\/div>\n<form action=\"\/espanol\/wp-json\/wp\/v2\/product\/544#wpcf7-f495-o1\" method=\"post\" class=\"wpcf7-form init\" aria-label=\"Contact form\" novalidate=\"novalidate\" data-status=\"init\">\n<fieldset class=\"hidden-fields-container\"><input type=\"hidden\" name=\"_wpcf7\" value=\"495\" \/><input type=\"hidden\" name=\"_wpcf7_version\" value=\"6.1.5\" \/><input type=\"hidden\" name=\"_wpcf7_locale\" value=\"en_US\" \/><input type=\"hidden\" name=\"_wpcf7_unit_tag\" value=\"wpcf7-f495-o1\" \/><input type=\"hidden\" name=\"_wpcf7_container_post\" value=\"0\" \/><input type=\"hidden\" name=\"_wpcf7_posted_data_hash\" value=\"\" \/><input type=\"hidden\" name=\"_wpcf7_recaptcha_response\" value=\"\" \/>\n<\/fieldset>\n<p><label><br \/>\nINFORMACI\u00d3N DE LAS FOTOS EN MARCO:<br \/>\nTodas las fotos est\u00e1n impresas en materiales de alta calidad e incluyen el marco y tiras adhesivas sujeta-cuadros <a href=\"https:\/\/www.command.com.mx\/3M\/es_MX\/command-la\/ganchos-y-tiras\/\" target=\"_blank\">(intrucciones)<\/a>.<br \/>\nEnv\u00edo y manejo. \u00a1Solo enviamos en los Estados Unidos y es Gratis!<br \/>\nPor favor, espere de 2 a 4 semanas para recibir su foto o fotos.<br \/>\n<\/label>\n<\/p><div class=\"wpcf7-response-output\" aria-hidden=\"true\"><\/div>\n<\/form>\n<\/div>\n\n","protected":false},"excerpt":{"rendered":"<p>Volc\u00e1n de Fuego, a menudo acortado a Fuego, es un estratovolc\u00e1n activo en Guatemala, en las fronteras de los departamentos de Chimaltenango, Escuintla y Sacatep\u00e9quez. Se encuentra a unos 16 kil\u00f3metros (9.9 millas) al oeste de Antigua, una de las ciudades m\u00e1s famosas de Guatemala y un destino tur\u00edstico. Ha estallado con frecuencia desde la conquista espa\u00f1ola, m\u00e1s recientemente el 3, 4, 5 de junio, y 6, 7 de noviembre de 2018.<\/p>\n<p>Fuego es famoso por estar casi constantemente activo en un nivel bajo. Peque\u00f1as erupciones de gas y cenizas ocurren cada 15 a 20 minutos, pero las erupciones m\u00e1s grandes son raras. Los tipos de lava de andesita y basalto dominan, y las erupciones recientes tienden a ser m\u00e1s grandes que las antiguas.<\/p>\n","protected":false},"featured_media":4046,"comment_status":"open","ping_status":"closed","template":"","meta":[],"product_brand":[],"product_cat":[27,33],"product_tag":[],"class_list":{"0":"post-544","1":"product","2":"type-product","3":"status-publish","4":"has-post-thumbnail","6":"product_cat-fotos-en-marco","7":"product_cat-naturaleza-en-marco","9":"first","10":"instock","11":"taxable","12":"shipping-taxable","13":"purchasable","14":"product-type-simple"},"aioseo_notices":[],"jetpack_sharing_enabled":true,"_links":{"self":[{"href":"https:\/\/www.ceaphotography.com\/espanol\/wp-json\/wp\/v2\/product\/544","targetHints":{"allow":["GET"]}}],"collection":[{"href":"https:\/\/www.ceaphotography.com\/espanol\/wp-json\/wp\/v2\/product"}],"about":[{"href":"https:\/\/www.ceaphotography.com\/espanol\/wp-json\/wp\/v2\/types\/product"}],"replies":[{"embeddable":true,"href":"https:\/\/www.ceaphotography.com\/espanol\/wp-json\/wp\/v2\/comments?post=544"}],"wp:featuredmedia":[{"embeddable":true,"href":"https:\/\/www.ceaphotography.com\/espanol\/wp-json\/wp\/v2\/media\/4046"}],"wp:attachment":[{"href":"https:\/\/www.ceaphotography.com\/espanol\/wp-json\/wp\/v2\/media?parent=544"}],"wp:term":[{"taxonomy":"product_brand","embeddable":true,"href":"https:\/\/www.ceaphotography.com\/espanol\/wp-json\/wp\/v2\/product_brand?post=544"},{"taxonomy":"product_cat","embeddable":true,"href":"https:\/\/www.ceaphotography.com\/espanol\/wp-json\/wp\/v2\/product_cat?post=544"},{"taxonomy":"product_tag","embeddable":true,"href":"https:\/\/www.ceaphotography.com\/espanol\/wp-json\/wp\/v2\/product_tag?post=544"}],"curies":[{"name":"wp","href":"https:\/\/api.w.org\/{rel}","templated":true}]}}