{"id":540,"date":"2018-12-27T03:22:30","date_gmt":"2018-12-27T11:22:30","guid":{"rendered":"https:\/\/www.ceaphotography.com\/espanol\/?post_type=product&#038;p=540"},"modified":"2021-01-11T18:09:31","modified_gmt":"2021-01-12T02:09:31","slug":"templo-esquipulas-en-cuadro","status":"publish","type":"product","link":"https:\/\/www.ceaphotography.com\/espanol\/product\/templo-esquipulas-en-cuadro\/","title":{"rendered":"Templo Esquipulas en Cuadro"},"content":{"rendered":"\n<div class=\"wpcf7 no-js\" id=\"wpcf7-f495-o1\" lang=\"en-US\" dir=\"ltr\" data-wpcf7-id=\"495\">\n<div class=\"screen-reader-response\"><p role=\"status\" aria-live=\"polite\" aria-atomic=\"true\"><\/p> <ul><\/ul><\/div>\n<form action=\"\/espanol\/wp-json\/wp\/v2\/product\/540#wpcf7-f495-o1\" method=\"post\" class=\"wpcf7-form init\" aria-label=\"Contact form\" novalidate=\"novalidate\" data-status=\"init\">\n<fieldset class=\"hidden-fields-container\"><input type=\"hidden\" name=\"_wpcf7\" value=\"495\" \/><input type=\"hidden\" name=\"_wpcf7_version\" value=\"6.1.5\" \/><input type=\"hidden\" name=\"_wpcf7_locale\" value=\"en_US\" \/><input type=\"hidden\" name=\"_wpcf7_unit_tag\" value=\"wpcf7-f495-o1\" \/><input type=\"hidden\" name=\"_wpcf7_container_post\" value=\"0\" \/><input type=\"hidden\" name=\"_wpcf7_posted_data_hash\" value=\"\" \/><input type=\"hidden\" name=\"_wpcf7_recaptcha_response\" value=\"\" \/>\n<\/fieldset>\n<p><label><br \/>\nINFORMACI\u00d3N DE LAS FOTOS EN MARCO:<br \/>\nTodas las fotos est\u00e1n impresas en materiales de alta calidad e incluyen el marco y tiras adhesivas sujeta-cuadros <a href=\"https:\/\/www.command.com.mx\/3M\/es_MX\/command-la\/ganchos-y-tiras\/\" target=\"_blank\">(intrucciones)<\/a>.<br \/>\nEnv\u00edo y manejo. \u00a1Solo enviamos en los Estados Unidos y es Gratis!<br \/>\nPor favor, espere de 2 a 4 semanas para recibir su foto o fotos.<br \/>\n<\/label>\n<\/p><div class=\"wpcf7-response-output\" aria-hidden=\"true\"><\/div>\n<\/form>\n<\/div>\n\n","protected":false},"excerpt":{"rendered":"<p>La Bas\u00edlica de Esquipulas o Bas\u00edlica del Santo Cristo Crucificado de Esquipulas es un templo de estilo barroco ubicado en la ciudad de Esquipulas, Guatemala, y que alberga a la venerada imagen del Se\u00f1or de Esquipulas. Es el templo cat\u00f3lico m\u00e1s grande de Centro Am\u00e9rica y el Sur de M\u00e9xico; y el \u00fanico en Am\u00e9rica con 4 torres de campanario; lo que lo convierten en un templo extraordinario. Tiene estatus de Catedral, Bas\u00edlica menor y santuario cat\u00f3lico.<\/p>\n","protected":false},"featured_media":4043,"comment_status":"open","ping_status":"closed","template":"","meta":[],"product_brand":[],"product_cat":[28,27],"product_tag":[],"class_list":{"0":"post-540","1":"product","2":"type-product","3":"status-publish","4":"has-post-thumbnail","6":"product_cat-ciudad-en-marco","7":"product_cat-fotos-en-marco","9":"first","10":"instock","11":"taxable","12":"shipping-taxable","13":"purchasable","14":"product-type-simple"},"aioseo_notices":[],"jetpack_sharing_enabled":true,"_links":{"self":[{"href":"https:\/\/www.ceaphotography.com\/espanol\/wp-json\/wp\/v2\/product\/540","targetHints":{"allow":["GET"]}}],"collection":[{"href":"https:\/\/www.ceaphotography.com\/espanol\/wp-json\/wp\/v2\/product"}],"about":[{"href":"https:\/\/www.ceaphotography.com\/espanol\/wp-json\/wp\/v2\/types\/product"}],"replies":[{"embeddable":true,"href":"https:\/\/www.ceaphotography.com\/espanol\/wp-json\/wp\/v2\/comments?post=540"}],"wp:featuredmedia":[{"embeddable":true,"href":"https:\/\/www.ceaphotography.com\/espanol\/wp-json\/wp\/v2\/media\/4043"}],"wp:attachment":[{"href":"https:\/\/www.ceaphotography.com\/espanol\/wp-json\/wp\/v2\/media?parent=540"}],"wp:term":[{"taxonomy":"product_brand","embeddable":true,"href":"https:\/\/www.ceaphotography.com\/espanol\/wp-json\/wp\/v2\/product_brand?post=540"},{"taxonomy":"product_cat","embeddable":true,"href":"https:\/\/www.ceaphotography.com\/espanol\/wp-json\/wp\/v2\/product_cat?post=540"},{"taxonomy":"product_tag","embeddable":true,"href":"https:\/\/www.ceaphotography.com\/espanol\/wp-json\/wp\/v2\/product_tag?post=540"}],"curies":[{"name":"wp","href":"https:\/\/api.w.org\/{rel}","templated":true}]}}