{"id":4067,"date":"2020-12-24T15:07:22","date_gmt":"2020-12-24T23:07:22","guid":{"rendered":"https:\/\/www.ceaphotography.com\/espanol\/?post_type=product&#038;p=4067"},"modified":"2022-11-01T06:12:51","modified_gmt":"2022-11-01T13:12:51","slug":"caida-del-sol-en-rosarito-bc-en-marco","status":"publish","type":"product","link":"https:\/\/www.ceaphotography.com\/espanol\/product\/caida-del-sol-en-rosarito-bc-en-marco\/","title":{"rendered":"Ca\u00edda del Sol en Rosarito, BC &#8211; En Marco"},"content":{"rendered":"\n<div class=\"wpcf7 no-js\" id=\"wpcf7-f495-o1\" lang=\"en-US\" dir=\"ltr\" data-wpcf7-id=\"495\">\n<div class=\"screen-reader-response\"><p role=\"status\" aria-live=\"polite\" aria-atomic=\"true\"><\/p> <ul><\/ul><\/div>\n<form action=\"\/espanol\/wp-json\/wp\/v2\/product\/4067#wpcf7-f495-o1\" method=\"post\" class=\"wpcf7-form init\" aria-label=\"Contact form\" novalidate=\"novalidate\" data-status=\"init\">\n<fieldset class=\"hidden-fields-container\"><input type=\"hidden\" name=\"_wpcf7\" value=\"495\" \/><input type=\"hidden\" name=\"_wpcf7_version\" value=\"6.1.5\" \/><input type=\"hidden\" name=\"_wpcf7_locale\" value=\"en_US\" \/><input type=\"hidden\" name=\"_wpcf7_unit_tag\" value=\"wpcf7-f495-o1\" \/><input type=\"hidden\" name=\"_wpcf7_container_post\" value=\"0\" \/><input type=\"hidden\" name=\"_wpcf7_posted_data_hash\" value=\"\" \/><input type=\"hidden\" name=\"_wpcf7_recaptcha_response\" value=\"\" \/>\n<\/fieldset>\n<p><label><br \/>\nINFORMACI\u00d3N DE LAS FOTOS EN MARCO:<br \/>\nTodas las fotos est\u00e1n impresas en materiales de alta calidad e incluyen el marco y tiras adhesivas sujeta-cuadros <a href=\"https:\/\/www.command.com.mx\/3M\/es_MX\/command-la\/ganchos-y-tiras\/\" target=\"_blank\">(intrucciones)<\/a>.<br \/>\nEnv\u00edo y manejo. \u00a1Solo enviamos en los Estados Unidos y es Gratis!<br \/>\nPor favor, espere de 2 a 4 semanas para recibir su foto o fotos.<br \/>\n<\/label>\n<\/p><div class=\"wpcf7-response-output\" aria-hidden=\"true\"><\/div>\n<\/form>\n<\/div>\n\n","protected":false},"excerpt":{"rendered":"<p>Panajachel es una ciudad en las tierras altas de Guatemala, al oeste de la ciudad de Guatemala. Est\u00e1 en la orilla norte del lago Atitl\u00e1n. Alrededor del lago se encuentran los volcanes San Pedro, Tolim\u00e1n y Atitl\u00e1n. Cafeter\u00edas, bares y puestos de venta de artesan\u00edas y textiles se alinean en la calle Santander, la calle principal. En la parte antiguo de la ciudad se encuentra la iglesia colonial de San Francisco, con una fachada de piedra. Barcos conectan Panajachel con pueblos mayas junto al lago.<\/p>\n","protected":false},"featured_media":4064,"comment_status":"open","ping_status":"closed","template":"","meta":[],"product_brand":[],"product_cat":[27,29],"product_tag":[],"class_list":{"0":"post-4067","1":"product","2":"type-product","3":"status-publish","4":"has-post-thumbnail","6":"product_cat-fotos-en-marco","7":"product_cat-puestas-del-sol-en-marco","9":"first","10":"instock","11":"taxable","12":"shipping-taxable","13":"purchasable","14":"product-type-simple"},"aioseo_notices":[],"jetpack_sharing_enabled":true,"_links":{"self":[{"href":"https:\/\/www.ceaphotography.com\/espanol\/wp-json\/wp\/v2\/product\/4067","targetHints":{"allow":["GET"]}}],"collection":[{"href":"https:\/\/www.ceaphotography.com\/espanol\/wp-json\/wp\/v2\/product"}],"about":[{"href":"https:\/\/www.ceaphotography.com\/espanol\/wp-json\/wp\/v2\/types\/product"}],"replies":[{"embeddable":true,"href":"https:\/\/www.ceaphotography.com\/espanol\/wp-json\/wp\/v2\/comments?post=4067"}],"wp:featuredmedia":[{"embeddable":true,"href":"https:\/\/www.ceaphotography.com\/espanol\/wp-json\/wp\/v2\/media\/4064"}],"wp:attachment":[{"href":"https:\/\/www.ceaphotography.com\/espanol\/wp-json\/wp\/v2\/media?parent=4067"}],"wp:term":[{"taxonomy":"product_brand","embeddable":true,"href":"https:\/\/www.ceaphotography.com\/espanol\/wp-json\/wp\/v2\/product_brand?post=4067"},{"taxonomy":"product_cat","embeddable":true,"href":"https:\/\/www.ceaphotography.com\/espanol\/wp-json\/wp\/v2\/product_cat?post=4067"},{"taxonomy":"product_tag","embeddable":true,"href":"https:\/\/www.ceaphotography.com\/espanol\/wp-json\/wp\/v2\/product_tag?post=4067"}],"curies":[{"name":"wp","href":"https:\/\/api.w.org\/{rel}","templated":true}]}}