{"id":4066,"date":"2020-12-24T15:04:22","date_gmt":"2020-12-24T23:04:22","guid":{"rendered":"https:\/\/www.ceaphotography.com\/espanol\/?post_type=product&#038;p=4066"},"modified":"2021-01-11T18:08:32","modified_gmt":"2021-01-12T02:08:32","slug":"iglesia-vieja-exterior-en-marco","status":"publish","type":"product","link":"https:\/\/www.ceaphotography.com\/espanol\/product\/iglesia-vieja-exterior-en-marco\/","title":{"rendered":"Iglesia Vieja &#8211; Exterior en Marco"},"content":{"rendered":"\n<div class=\"wpcf7 no-js\" id=\"wpcf7-f495-o1\" lang=\"en-US\" dir=\"ltr\" data-wpcf7-id=\"495\">\n<div class=\"screen-reader-response\"><p role=\"status\" aria-live=\"polite\" aria-atomic=\"true\"><\/p> <ul><\/ul><\/div>\n<form action=\"\/espanol\/wp-json\/wp\/v2\/product\/4066#wpcf7-f495-o1\" method=\"post\" class=\"wpcf7-form init\" aria-label=\"Contact form\" novalidate=\"novalidate\" data-status=\"init\">\n<fieldset class=\"hidden-fields-container\"><input type=\"hidden\" name=\"_wpcf7\" value=\"495\" \/><input type=\"hidden\" name=\"_wpcf7_version\" value=\"6.1.5\" \/><input type=\"hidden\" name=\"_wpcf7_locale\" value=\"en_US\" \/><input type=\"hidden\" name=\"_wpcf7_unit_tag\" value=\"wpcf7-f495-o1\" \/><input type=\"hidden\" name=\"_wpcf7_container_post\" value=\"0\" \/><input type=\"hidden\" name=\"_wpcf7_posted_data_hash\" value=\"\" \/><input type=\"hidden\" name=\"_wpcf7_recaptcha_response\" value=\"\" \/>\n<\/fieldset>\n<p><label><br \/>\nINFORMACI\u00d3N DE LAS FOTOS EN MARCO:<br \/>\nTodas las fotos est\u00e1n impresas en materiales de alta calidad e incluyen el marco y tiras adhesivas sujeta-cuadros <a href=\"https:\/\/www.command.com.mx\/3M\/es_MX\/command-la\/ganchos-y-tiras\/\" target=\"_blank\">(intrucciones)<\/a>.<br \/>\nEnv\u00edo y manejo. \u00a1Solo enviamos en los Estados Unidos y es Gratis!<br \/>\nPor favor, espere de 2 a 4 semanas para recibir su foto o fotos.<br \/>\n<\/label>\n<\/p><div class=\"wpcf7-response-output\" aria-hidden=\"true\"><\/div>\n<\/form>\n<\/div>\n\n","protected":false},"excerpt":{"rendered":"<p>La Iglesia llamada com\u00fanmente de la Sant\u00edsima Trinidad de Chiquimula es m\u00e1s conocida como Iglesia Vieja. A un par de minutos del centro de Chiquimula sus hermosas ruinas nos cuentan los tr\u00e1gicos sucesos del a\u00f1o 1765 cuando un violento hurac\u00e1n, un gran temblor y una gran tempestad la destruyo sepultando al mismo tiempo muchos feligreses que buscaban refugio en ella.<\/p>\n","protected":false},"featured_media":4050,"comment_status":"open","ping_status":"closed","template":"","meta":[],"product_brand":[],"product_cat":[28,27],"product_tag":[],"class_list":{"0":"post-4066","1":"product","2":"type-product","3":"status-publish","4":"has-post-thumbnail","6":"product_cat-ciudad-en-marco","7":"product_cat-fotos-en-marco","9":"first","10":"instock","11":"taxable","12":"shipping-taxable","13":"purchasable","14":"product-type-simple"},"aioseo_notices":[],"jetpack_sharing_enabled":true,"_links":{"self":[{"href":"https:\/\/www.ceaphotography.com\/espanol\/wp-json\/wp\/v2\/product\/4066","targetHints":{"allow":["GET"]}}],"collection":[{"href":"https:\/\/www.ceaphotography.com\/espanol\/wp-json\/wp\/v2\/product"}],"about":[{"href":"https:\/\/www.ceaphotography.com\/espanol\/wp-json\/wp\/v2\/types\/product"}],"replies":[{"embeddable":true,"href":"https:\/\/www.ceaphotography.com\/espanol\/wp-json\/wp\/v2\/comments?post=4066"}],"wp:featuredmedia":[{"embeddable":true,"href":"https:\/\/www.ceaphotography.com\/espanol\/wp-json\/wp\/v2\/media\/4050"}],"wp:attachment":[{"href":"https:\/\/www.ceaphotography.com\/espanol\/wp-json\/wp\/v2\/media?parent=4066"}],"wp:term":[{"taxonomy":"product_brand","embeddable":true,"href":"https:\/\/www.ceaphotography.com\/espanol\/wp-json\/wp\/v2\/product_brand?post=4066"},{"taxonomy":"product_cat","embeddable":true,"href":"https:\/\/www.ceaphotography.com\/espanol\/wp-json\/wp\/v2\/product_cat?post=4066"},{"taxonomy":"product_tag","embeddable":true,"href":"https:\/\/www.ceaphotography.com\/espanol\/wp-json\/wp\/v2\/product_tag?post=4066"}],"curies":[{"name":"wp","href":"https:\/\/api.w.org\/{rel}","templated":true}]}}