{"id":30,"date":"2018-02-26T02:14:35","date_gmt":"2018-02-26T02:14:35","guid":{"rendered":"http:\/\/www.ceaphoto.com\/espanol\/?page_id=30"},"modified":"2020-04-06T04:02:45","modified_gmt":"2020-04-06T04:02:45","slug":"acerca","status":"publish","type":"page","link":"https:\/\/www.ceaphotography.com\/espanol\/acerca\/","title":{"rendered":"Acerca"},"content":{"rendered":"<div id=\"pl-30\"  class=\"panel-layout\" ><div id=\"pg-30-0\"  class=\"panel-grid panel-no-style\" ><div id=\"pgc-30-0-0\"  class=\"panel-grid-cell\" ><div id=\"panel-30-0-0-0\" class=\"so-panel widget widget_sow-headline panel-first-child panel-last-child\" data-index=\"0\" ><div\n\t\t\t\n\t\t\tclass=\"so-widget-sow-headline so-widget-sow-headline-default-98dc6fff397f-30\"\n\t\t\t\n\t\t><div class=\"sow-headline-container \">\n\t\t\t\t\t\t\t<h3 class=\"sow-headline\">\n\t\t\t\t\t\tPorque CEAphotography es Unico!\t\t\t\t\t\t<\/h3>\n\t\t\t\t\t\t\t\t\t\t\t<div class=\"decoration\">\n\t\t\t\t\t\t<div class=\"decoration-inside\"><\/div>\n\t\t\t\t\t<\/div>\n\t\t\t\t\t<\/div>\n<\/div><\/div><\/div><\/div><div id=\"pg-30-1\"  class=\"panel-grid panel-no-style\" ><div id=\"pgc-30-1-0\"  class=\"panel-grid-cell\" ><div id=\"panel-30-1-0-0\" class=\"so-panel widget widget_sow-editor panel-first-child panel-last-child\" data-index=\"1\" ><div class=\"panel-widget-style panel-widget-style-for-30-1-0-0\" ><div\n\t\t\t\n\t\t\tclass=\"so-widget-sow-editor so-widget-sow-editor-base\"\n\t\t\t\n\t\t>\n<div class=\"siteorigin-widget-tinymce textwidget\">\n\t<h4 style=\"text-align: center;\">A lo largo de los a\u00f1os y la experiencia en la vida, he llegado a la conclusi\u00f3n que:<\/h4>\n<h4 style=\"text-align: center;\">El amor y la pasi\u00f3n son las fuerzas m\u00e1s fuertes que mueven el mundo!<\/h4>\n<h4 style=\"text-align: center;\">Tengo muchos amores en mi vida, amo a Dios y cada representaci\u00f3n de su amor a trav\u00e9s de la naturaleza.<\/h4>\n<h4 style=\"text-align: center;\">Soy un padre, y ese momento en que vi a mis hijos por primera vez nunca se borrar\u00e1 de mi mente.<\/h4>\n<\/div>\n<\/div><\/div><\/div><\/div><\/div><div id=\"pg-30-2\"  class=\"panel-grid panel-no-style\" ><div id=\"pgc-30-2-0\"  class=\"panel-grid-cell\" ><div id=\"panel-30-2-0-0\" class=\"so-panel widget widget_sow-image panel-first-child panel-last-child\" data-index=\"2\" ><div\n\t\t\t\n\t\t\tclass=\"so-widget-sow-image so-widget-sow-image-default-3a2476c0e107-30\"\n\t\t\t\n\t\t>\n<div class=\"sow-image-container\">\n\t\t<img \n\tsrc=\"https:\/\/i0.wp.com\/www.ceaphotography.com\/espanol\/wp-content\/uploads\/2018\/02\/AboutPic1.png?fit=1232%2C335&amp;ssl=1\" width=\"1232\" height=\"335\" srcset=\"https:\/\/i0.wp.com\/www.ceaphotography.com\/espanol\/wp-content\/uploads\/2018\/02\/AboutPic1.png?w=1232&amp;ssl=1 1232w, https:\/\/i0.wp.com\/www.ceaphotography.com\/espanol\/wp-content\/uploads\/2018\/02\/AboutPic1.png?resize=555%2C151&amp;ssl=1 555w, https:\/\/i0.wp.com\/www.ceaphotography.com\/espanol\/wp-content\/uploads\/2018\/02\/AboutPic1.png?resize=300%2C82&amp;ssl=1 300w, https:\/\/i0.wp.com\/www.ceaphotography.com\/espanol\/wp-content\/uploads\/2018\/02\/AboutPic1.png?resize=768%2C209&amp;ssl=1 768w, https:\/\/i0.wp.com\/www.ceaphotography.com\/espanol\/wp-content\/uploads\/2018\/02\/AboutPic1.png?resize=1024%2C278&amp;ssl=1 1024w\" alt=\"\" \t\tclass=\"so-widget-image\"\/>\n\t<\/div>\n\n<\/div><\/div><\/div><\/div><div id=\"pg-30-3\"  class=\"panel-grid panel-no-style\" ><div id=\"pgc-30-3-0\"  class=\"panel-grid-cell\" ><div id=\"panel-30-3-0-0\" class=\"so-panel widget widget_sow-editor panel-first-child panel-last-child\" data-index=\"3\" ><div class=\"panel-widget-style panel-widget-style-for-30-3-0-0\" ><div\n\t\t\t\n\t\t\tclass=\"so-widget-sow-editor so-widget-sow-editor-base\"\n\t\t\t\n\t\t>\n<div class=\"siteorigin-widget-tinymce textwidget\">\n\t<h4 style=\"text-align: center;\">Muchos ya conocen la pasi\u00f3n de la que estoy hablando, y para los que me est\u00e1n conociendo, cr\u00e9anme...<\/h4>\n<h4 style=\"text-align: center;\">\u00a1Muy Pronto La Conocer\u00e1n!<\/h4>\n<h4 style=\"text-align: center;\">He sido bendecido m\u00e1s all\u00e1 de lo imaginado...<\/h4>\n<h4 style=\"text-align: center;\">Al punto que las palabras en estas l\u00edneas no pueden expresar la magnitud del concepto que trato de transmitir.<\/h4>\n<\/div>\n<\/div><\/div><\/div><\/div><\/div><div id=\"pg-30-4\"  class=\"panel-grid panel-no-style\" ><div id=\"pgc-30-4-0\"  class=\"panel-grid-cell\" ><div id=\"panel-30-4-0-0\" class=\"so-panel widget widget_sow-image panel-first-child panel-last-child\" data-index=\"4\" ><div\n\t\t\t\n\t\t\tclass=\"so-widget-sow-image so-widget-sow-image-default-3a2476c0e107-30\"\n\t\t\t\n\t\t>\n<div class=\"sow-image-container\">\n\t\t<img \n\tsrc=\"https:\/\/i0.wp.com\/www.ceaphotography.com\/espanol\/wp-content\/uploads\/2018\/02\/AboutPic2.png?fit=1232%2C335&amp;ssl=1\" width=\"1232\" height=\"335\" srcset=\"https:\/\/i0.wp.com\/www.ceaphotography.com\/espanol\/wp-content\/uploads\/2018\/02\/AboutPic2.png?w=1232&amp;ssl=1 1232w, https:\/\/i0.wp.com\/www.ceaphotography.com\/espanol\/wp-content\/uploads\/2018\/02\/AboutPic2.png?resize=555%2C151&amp;ssl=1 555w, https:\/\/i0.wp.com\/www.ceaphotography.com\/espanol\/wp-content\/uploads\/2018\/02\/AboutPic2.png?resize=300%2C82&amp;ssl=1 300w, https:\/\/i0.wp.com\/www.ceaphotography.com\/espanol\/wp-content\/uploads\/2018\/02\/AboutPic2.png?resize=768%2C209&amp;ssl=1 768w, https:\/\/i0.wp.com\/www.ceaphotography.com\/espanol\/wp-content\/uploads\/2018\/02\/AboutPic2.png?resize=1024%2C278&amp;ssl=1 1024w\" alt=\"\" \t\tclass=\"so-widget-image\"\/>\n\t<\/div>\n\n<\/div><\/div><\/div><\/div><div id=\"pg-30-5\"  class=\"panel-grid panel-has-style\" ><div class=\"panel-row-style panel-row-style-for-30-5\" ><div id=\"pgc-30-5-0\"  class=\"panel-grid-cell\" ><div id=\"panel-30-5-0-0\" class=\"so-panel widget widget_sow-headline panel-first-child\" data-index=\"5\" ><div\n\t\t\t\n\t\t\tclass=\"so-widget-sow-headline so-widget-sow-headline-default-e47668b36afd-30\"\n\t\t\t\n\t\t><div class=\"sow-headline-container \">\n\t\t\t\t\t\t\t<h3 class=\"sow-headline\">\n\t\t\t\t\t\t\u00a1Esta Pasi\u00f3n La Traigo a Mi Fotograf\u00eda!\t\t\t\t\t\t<\/h3>\n\t\t\t\t\t\t\t\t\t\t\t<div class=\"decoration\">\n\t\t\t\t\t\t<div class=\"decoration-inside\"><\/div>\n\t\t\t\t\t<\/div>\n\t\t\t\t\t\t\t\t\t\t\t<h4 class=\"sow-sub-headline\">\n\t\t\t\t\t\t\u00a1Asegur\u00e1ndome de Que Cada Momento Que Capture Est\u00e9 Lleno de Amor Para Que Pueda Durar M\u00e1s Que Toda Una Vida!\t\t\t\t\t\t<\/h4>\n\t\t\t\t\t\t<\/div>\n<\/div><\/div><div id=\"panel-30-5-0-1\" class=\"so-panel widget widget_sow-image panel-last-child\" data-index=\"6\" ><div\n\t\t\t\n\t\t\tclass=\"so-widget-sow-image so-widget-sow-image-default-3a2476c0e107-30\"\n\t\t\t\n\t\t>\n<div class=\"sow-image-container\">\n\t\t<img \n\tsrc=\"https:\/\/i0.wp.com\/www.ceaphotography.com\/espanol\/wp-content\/uploads\/2018\/02\/DSC_0333-Pano.jpg?fit=2464%2C670&amp;ssl=1\" width=\"2464\" height=\"670\" srcset=\"https:\/\/i0.wp.com\/www.ceaphotography.com\/espanol\/wp-content\/uploads\/2018\/02\/DSC_0333-Pano.jpg?w=2464&amp;ssl=1 2464w, https:\/\/i0.wp.com\/www.ceaphotography.com\/espanol\/wp-content\/uploads\/2018\/02\/DSC_0333-Pano.jpg?resize=555%2C151&amp;ssl=1 555w, https:\/\/i0.wp.com\/www.ceaphotography.com\/espanol\/wp-content\/uploads\/2018\/02\/DSC_0333-Pano.jpg?resize=300%2C82&amp;ssl=1 300w, https:\/\/i0.wp.com\/www.ceaphotography.com\/espanol\/wp-content\/uploads\/2018\/02\/DSC_0333-Pano.jpg?resize=768%2C209&amp;ssl=1 768w, https:\/\/i0.wp.com\/www.ceaphotography.com\/espanol\/wp-content\/uploads\/2018\/02\/DSC_0333-Pano.jpg?resize=1024%2C278&amp;ssl=1 1024w, https:\/\/i0.wp.com\/www.ceaphotography.com\/espanol\/wp-content\/uploads\/2018\/02\/DSC_0333-Pano.jpg?w=1960&amp;ssl=1 1960w\" alt=\"\" \t\tclass=\"so-widget-image\"\/>\n\t<\/div>\n\n<\/div><\/div><\/div><\/div><\/div><div id=\"pg-30-6\"  class=\"panel-grid panel-has-style\" ><div class=\"panel-row-style panel-row-style-for-30-6\" ><div id=\"pgc-30-6-0\"  class=\"panel-grid-cell\" ><div id=\"panel-30-6-0-0\" class=\"so-panel widget widget_sow-headline panel-first-child\" data-index=\"7\" ><div\n\t\t\t\n\t\t\tclass=\"so-widget-sow-headline so-widget-sow-headline-default-e47668b36afd-30\"\n\t\t\t\n\t\t><div class=\"sow-headline-container \">\n\t\t\t\t\t\t\t<h3 class=\"sow-headline\">\n\t\t\t\t\t\tListo para Capturar Ese Momento en La Vida?\t\t\t\t\t\t<\/h3>\n\t\t\t\t\t\t\t\t\t\t\t<div class=\"decoration\">\n\t\t\t\t\t\t<div class=\"decoration-inside\"><\/div>\n\t\t\t\t\t<\/div>\n\t\t\t\t\t\t\t\t\t\t\t<h4 class=\"sow-sub-headline\">\n\t\t\t\t\t\t\u00a1Cont\u00e1ctame para una cotizaci\u00f3n gratuita!\t\t\t\t\t\t<\/h4>\n\t\t\t\t\t\t<\/div>\n<\/div><\/div><div id=\"panel-30-6-0-1\" class=\"so-panel widget widget_sow-button panel-last-child\" data-index=\"8\" ><div\n\t\t\t\n\t\t\tclass=\"so-widget-sow-button so-widget-sow-button-atom-ffbaf676394e-30\"\n\t\t\t\n\t\t><div class=\"ow-button-base ow-button-align-center\"\n>\n\t\t\t<a\n\t\t\t\t\thref=\"https:\/\/www.ceaphotography.com\/espanol\/contacto\/\"\n\t\t\t\t\tclass=\"sowb-button ow-icon-placement-left ow-button-hover\" \t>\n\t\t<span>\n\t\t\t\n\t\t\tHaga Una Cita\t\t<\/span>\n\t\t\t<\/a>\n\t<\/div>\n<\/div><\/div><\/div><\/div><\/div><\/div>","protected":false},"excerpt":{"rendered":"<p>A lo largo de los a\u00f1os y la experiencia en la vida, he llegado a la conclusi\u00f3n que: El amor y la pasi\u00f3n son las fuerzas m\u00e1s fuertes que mueven el mundo! Tengo muchos amores en mi vida, amo a Dios y cada representaci\u00f3n de su amor a trav\u00e9s de la naturaleza. Soy un padre, [&hellip;]<\/p>\n","protected":false},"author":1,"featured_media":0,"parent":0,"menu_order":0,"comment_status":"closed","ping_status":"closed","template":"template-fullwidth.php","meta":{"footnotes":""},"class_list":["post-30","page","type-page","status-publish","hentry"],"aioseo_notices":[],"jetpack_sharing_enabled":true,"_links":{"self":[{"href":"https:\/\/www.ceaphotography.com\/espanol\/wp-json\/wp\/v2\/pages\/30","targetHints":{"allow":["GET"]}}],"collection":[{"href":"https:\/\/www.ceaphotography.com\/espanol\/wp-json\/wp\/v2\/pages"}],"about":[{"href":"https:\/\/www.ceaphotography.com\/espanol\/wp-json\/wp\/v2\/types\/page"}],"author":[{"embeddable":true,"href":"https:\/\/www.ceaphotography.com\/espanol\/wp-json\/wp\/v2\/users\/1"}],"replies":[{"embeddable":true,"href":"https:\/\/www.ceaphotography.com\/espanol\/wp-json\/wp\/v2\/comments?post=30"}],"version-history":[{"count":66,"href":"https:\/\/www.ceaphotography.com\/espanol\/wp-json\/wp\/v2\/pages\/30\/revisions"}],"predecessor-version":[{"id":3990,"href":"https:\/\/www.ceaphotography.com\/espanol\/wp-json\/wp\/v2\/pages\/30\/revisions\/3990"}],"wp:attachment":[{"href":"https:\/\/www.ceaphotography.com\/espanol\/wp-json\/wp\/v2\/media?parent=30"}],"curies":[{"name":"wp","href":"https:\/\/api.w.org\/{rel}","templated":true}]}}